{"id":1152,"date":"2025-12-15T00:57:55","date_gmt":"2025-12-15T05:57:55","guid":{"rendered":"https:\/\/fajasmaggytex.com\/?post_type=product&#038;p=1152"},"modified":"2025-12-15T01:19:50","modified_gmt":"2025-12-15T06:19:50","slug":"cinturilla-powernet-346-faja-reductora-de-alta-compresion-y-12-varillas","status":"publish","type":"product","link":"https:\/\/fajasmaggytex.com\/index.php\/producto\/cinturilla-powernet-346-faja-reductora-de-alta-compresion-y-12-varillas\/","title":{"rendered":"Chaleco Powernet 346 | Faja Reductora de Alta Compresi\u00f3n y 16 Varillas"},"content":{"rendered":"<p data-path-to-node=\"9\">Transforma tu figura al instante con nuestra Cinturilla Powernet , la <b>faja reductora<\/b> definitiva para el moldeado de cintura. Esta prenda de <b>alta compresi\u00f3n<\/b> est\u00e1 elaborada con Powernet, material que proporciona firmeza y durabilidad para un uso constante.<\/p>\n<p data-path-to-node=\"10\">El secreto de su efectividad es la incorporaci\u00f3n de <b>16 varillas que brindan soporte<\/b>, asegurando que la cinturilla permanezca en su lugar, <b>moldee la cintura al instante<\/b> y ayude a mejorar la postura. A diferencia de las <b>fajas post parto<\/b> o postoperatorias completas, esta cinturilla se enfoca espec\u00edficamente en la definici\u00f3n de la cintura. Adem\u00e1s, cuenta con tiras anchas y regulables que garantizan un ajuste perfecto brindando comodidad. \u00a1La <b>faja colombiana<\/b> ideal para reducir medidas y lucir una silueta de reloj de arena!<\/p>\n<p data-path-to-node=\"11\"><i>Caracter\u00edsticas Clave:<\/i><\/p>\n<ul data-path-to-node=\"12\">\n<li>\n<p data-path-to-node=\"12,0,0\"><b>Compresi\u00f3n:<\/b> Alta (Powernet).<\/p>\n<\/li>\n<li>\n<p data-path-to-node=\"12,1,0\"><b>Soporte:<\/b> <b>16 varillas<\/b> para mayor estabilidad.<\/p>\n<\/li>\n<li>\n<p data-path-to-node=\"12,2,0\"><b>Beneficio:<\/b> Moldea la cintura al instante y mejora la postura.<\/p>\n<\/li>\n<\/ul>\n","protected":false},"excerpt":{"rendered":"<p><b>Faja reductora<\/b> Chaleco Powernet de <b>alta compresi\u00f3n<\/b> con <b>16 varillas<\/b>.<\/p>\n","protected":false},"featured_media":1156,"comment_status":"open","ping_status":"closed","template":"","meta":[],"product_brand":[],"product_cat":[33],"product_tag":[],"class_list":{"0":"post-1152","1":"product","2":"type-product","3":"status-publish","4":"has-post-thumbnail","6":"product_cat-cinturilla","8":"first","9":"instock","10":"taxable","11":"shipping-taxable","12":"purchasable","13":"product-type-variable"},"jetpack_sharing_enabled":true,"_links":{"self":[{"href":"https:\/\/fajasmaggytex.com\/index.php\/wp-json\/wp\/v2\/product\/1152","targetHints":{"allow":["GET"]}}],"collection":[{"href":"https:\/\/fajasmaggytex.com\/index.php\/wp-json\/wp\/v2\/product"}],"about":[{"href":"https:\/\/fajasmaggytex.com\/index.php\/wp-json\/wp\/v2\/types\/product"}],"replies":[{"embeddable":true,"href":"https:\/\/fajasmaggytex.com\/index.php\/wp-json\/wp\/v2\/comments?post=1152"}],"wp:featuredmedia":[{"embeddable":true,"href":"https:\/\/fajasmaggytex.com\/index.php\/wp-json\/wp\/v2\/media\/1156"}],"wp:attachment":[{"href":"https:\/\/fajasmaggytex.com\/index.php\/wp-json\/wp\/v2\/media?parent=1152"}],"wp:term":[{"taxonomy":"product_brand","embeddable":true,"href":"https:\/\/fajasmaggytex.com\/index.php\/wp-json\/wp\/v2\/product_brand?post=1152"},{"taxonomy":"product_cat","embeddable":true,"href":"https:\/\/fajasmaggytex.com\/index.php\/wp-json\/wp\/v2\/product_cat?post=1152"},{"taxonomy":"product_tag","embeddable":true,"href":"https:\/\/fajasmaggytex.com\/index.php\/wp-json\/wp\/v2\/product_tag?post=1152"}],"curies":[{"name":"wp","href":"https:\/\/api.w.org\/{rel}","templated":true}]}}