{"id":1148,"date":"2025-12-15T00:47:52","date_gmt":"2025-12-15T05:47:52","guid":{"rendered":"https:\/\/fajasmaggytex.com\/?post_type=product&#038;p=1148"},"modified":"2026-01-22T02:20:41","modified_gmt":"2026-01-22T07:20:41","slug":"brasier-postoperatorio-ref-5010-soporte-mamoplastia-corrector-de-postura-y-espalda","status":"publish","type":"product","link":"https:\/\/fajasmaggytex.com\/index.php\/producto\/brasier-postoperatorio-ref-5010-soporte-mamoplastia-corrector-de-postura-y-espalda\/","title":{"rendered":"Brasier Postoperatorio Ref. 5010 | Soporte Mamoplastia, Corrector de Postura y Espalda"},"content":{"rendered":"<p data-path-to-node=\"6\">Optimiza tu recuperaci\u00f3n con el Brasier Postoperatorio Referencia 5010, <b>especial para ayudarte despu\u00e9s de tu cirug\u00eda de busto<\/b>. Este brasier es un complemento esencial a tus <b>fajas post operatorias<\/b>, ya que brinda control y soporte a tu postura y espalda.<\/p>\n<p data-path-to-node=\"7\">Est\u00e1 dise\u00f1ado con Powernet y su <b>prehorma<\/b> ayuda a cuidar el \u00e1rea operada. Las <b>tres l\u00edneas y las broches graduales<\/b> permiten ajustarlo perfectamente a medida que la inflamaci\u00f3n disminuye, asegurando que te sientas c\u00f3moda y segura. Su soporte amplio en la espalda ayuda a corregir la postura, siendo ideal despu\u00e9s de una Mamoplastia o como soporte diario de una <b>faja reductora<\/b> en la parte superior del cuerpo. Es un producto de calidad que asegura la mejor cicatrizaci\u00f3n y moldeado.<\/p>\n<p data-path-to-node=\"8\"><i>Caracter\u00edsticas Clave:<\/i><\/p>\n<ul data-path-to-node=\"9\">\n<li>\n<p data-path-to-node=\"9,0,0\"><b>Uso Espec\u00edfico:<\/b> Recuperaci\u00f3n de cirug\u00eda de busto (Mamoplastia).<\/p>\n<\/li>\n<li>\n<p data-path-to-node=\"9,1,0\"><b>Ajuste:<\/b> Tres l\u00edneas y broches graduales para ajuste perfecto.<\/p>\n<\/li>\n<li>\n<p data-path-to-node=\"9,2,0\"><b>Beneficio:<\/b> Controla tu postura y espalda.<\/p>\n<\/li>\n<\/ul>\n","protected":false},"excerpt":{"rendered":"<p>Brasier Postoperatorio (Ref. 5010) con <b>tres l\u00edneas de broches<\/b> para Mamoplastia, corrige postura y espalda<\/p>\n","protected":false},"featured_media":1120,"comment_status":"open","ping_status":"closed","template":"","meta":[],"product_brand":[],"product_cat":[35],"product_tag":[],"class_list":{"0":"post-1148","1":"product","2":"type-product","3":"status-publish","4":"has-post-thumbnail","6":"product_cat-brasier-postoperatorio","8":"first","9":"instock","10":"taxable","11":"shipping-taxable","12":"purchasable","13":"product-type-variable"},"jetpack_sharing_enabled":true,"_links":{"self":[{"href":"https:\/\/fajasmaggytex.com\/index.php\/wp-json\/wp\/v2\/product\/1148","targetHints":{"allow":["GET"]}}],"collection":[{"href":"https:\/\/fajasmaggytex.com\/index.php\/wp-json\/wp\/v2\/product"}],"about":[{"href":"https:\/\/fajasmaggytex.com\/index.php\/wp-json\/wp\/v2\/types\/product"}],"replies":[{"embeddable":true,"href":"https:\/\/fajasmaggytex.com\/index.php\/wp-json\/wp\/v2\/comments?post=1148"}],"wp:featuredmedia":[{"embeddable":true,"href":"https:\/\/fajasmaggytex.com\/index.php\/wp-json\/wp\/v2\/media\/1120"}],"wp:attachment":[{"href":"https:\/\/fajasmaggytex.com\/index.php\/wp-json\/wp\/v2\/media?parent=1148"}],"wp:term":[{"taxonomy":"product_brand","embeddable":true,"href":"https:\/\/fajasmaggytex.com\/index.php\/wp-json\/wp\/v2\/product_brand?post=1148"},{"taxonomy":"product_cat","embeddable":true,"href":"https:\/\/fajasmaggytex.com\/index.php\/wp-json\/wp\/v2\/product_cat?post=1148"},{"taxonomy":"product_tag","embeddable":true,"href":"https:\/\/fajasmaggytex.com\/index.php\/wp-json\/wp\/v2\/product_tag?post=1148"}],"curies":[{"name":"wp","href":"https:\/\/api.w.org\/{rel}","templated":true}]}}