{"id":1144,"date":"2025-12-15T00:40:26","date_gmt":"2025-12-15T05:40:26","guid":{"rendered":"https:\/\/fajasmaggytex.com\/?post_type=product&#038;p=1144"},"modified":"2025-12-15T00:46:47","modified_gmt":"2025-12-15T05:46:47","slug":"faja-para-hombre-postquirurgica-ref-4011-lipoescultura-abdomen-y-powernet","status":"publish","type":"product","link":"https:\/\/fajasmaggytex.com\/index.php\/producto\/faja-para-hombre-postquirurgica-ref-4011-lipoescultura-abdomen-y-powernet\/","title":{"rendered":"Faja para Hombre Postquir\u00fargica Ref. 4011 | Lipoescultura, Abdomen y Powernet"},"content":{"rendered":"<p data-path-to-node=\"5\">Descubre la <b>Faja para Hombre<\/b> Ref. 4011e, una prenda esencial dise\u00f1ada para el moldeado corporal y la fase postquir\u00fargica. Esta <b>faja postquir\u00fargica<\/b> tipo short est\u00e1 elaborada con Powernet de alta resistencia y un forro interno de microfibra con <b>tacto fr\u00edo<\/b>, lo que garantiza el confort y la transpirabilidad necesarios durante la recuperaci\u00f3n.<\/p>\n<p data-path-to-node=\"6\">Es la soluci\u00f3n ideal para despu\u00e9s de una Lipectom\u00eda o Lipoescultura, ya que moldea y ajusta el cuerpo, controlando eficazmente el abdomen y la espalda. Su dise\u00f1o enterizo incluye un <b>refuerzo en la espalda<\/b> que mejora la postura y un pr\u00e1ctico <b>Zipper frontal y perineal<\/b> que facilita su uso diario. Esta <b>faja reductora<\/b> es la mejor aliada para lograr los resultados deseados.<\/p>\n<p data-path-to-node=\"7\"><i>Caracter\u00edsticas Clave:<\/i><\/p>\n<ul data-path-to-node=\"8\">\n<li>\n<p data-path-to-node=\"8,0,0\"><b>Uso Espec\u00edfico:<\/b> Recuperaci\u00f3n de Lipectom\u00eda y Lipoescultura.<\/p>\n<\/li>\n<li>\n<p data-path-to-node=\"8,1,0\"><b>Material:<\/b> Powernet y microfibra de <b>tacto fr\u00edo<\/b>.<\/p>\n<\/li>\n<li>\n<p data-path-to-node=\"8,2,0\"><b>Soporte:<\/b> Control de espalda y abdomen, con refuerzo posterior.<\/p>\n<\/li>\n<\/ul>\n","protected":false},"excerpt":{"rendered":"<p><b>Faja para Hombre<\/b> (Ref. 4011e) postquir\u00fargica, Powernet y zipper frontal para Lipectom\u00eda.<\/p>\n","protected":false},"featured_media":1118,"comment_status":"open","ping_status":"closed","template":"","meta":[],"product_brand":[],"product_cat":[32],"product_tag":[],"class_list":{"0":"post-1144","1":"product","2":"type-product","3":"status-publish","4":"has-post-thumbnail","6":"product_cat-maggy-man","8":"first","9":"instock","10":"taxable","11":"shipping-taxable","12":"purchasable","13":"product-type-variable"},"jetpack_sharing_enabled":true,"_links":{"self":[{"href":"https:\/\/fajasmaggytex.com\/index.php\/wp-json\/wp\/v2\/product\/1144","targetHints":{"allow":["GET"]}}],"collection":[{"href":"https:\/\/fajasmaggytex.com\/index.php\/wp-json\/wp\/v2\/product"}],"about":[{"href":"https:\/\/fajasmaggytex.com\/index.php\/wp-json\/wp\/v2\/types\/product"}],"replies":[{"embeddable":true,"href":"https:\/\/fajasmaggytex.com\/index.php\/wp-json\/wp\/v2\/comments?post=1144"}],"wp:featuredmedia":[{"embeddable":true,"href":"https:\/\/fajasmaggytex.com\/index.php\/wp-json\/wp\/v2\/media\/1118"}],"wp:attachment":[{"href":"https:\/\/fajasmaggytex.com\/index.php\/wp-json\/wp\/v2\/media?parent=1144"}],"wp:term":[{"taxonomy":"product_brand","embeddable":true,"href":"https:\/\/fajasmaggytex.com\/index.php\/wp-json\/wp\/v2\/product_brand?post=1144"},{"taxonomy":"product_cat","embeddable":true,"href":"https:\/\/fajasmaggytex.com\/index.php\/wp-json\/wp\/v2\/product_cat?post=1144"},{"taxonomy":"product_tag","embeddable":true,"href":"https:\/\/fajasmaggytex.com\/index.php\/wp-json\/wp\/v2\/product_tag?post=1144"}],"curies":[{"name":"wp","href":"https:\/\/api.w.org\/{rel}","templated":true}]}}