{"id":1140,"date":"2025-12-15T00:15:27","date_gmt":"2025-12-15T05:15:27","guid":{"rendered":"https:\/\/fajasmaggytex.com\/?post_type=product&#038;p=1140"},"modified":"2025-12-15T00:39:50","modified_gmt":"2025-12-15T05:39:50","slug":"faja-postparto-y-lactancia-2396-moldeadora-de-busto-y-correctora-postural","status":"publish","type":"product","link":"https:\/\/fajasmaggytex.com\/index.php\/producto\/faja-postparto-y-lactancia-2396-moldeadora-de-busto-y-correctora-postural\/","title":{"rendered":"Faja Postparto y Lactancia  2396 | Moldeadora de Busto y Correctora Postural"},"content":{"rendered":"<p data-path-to-node=\"8\">Presentamos la <b>Faja Postparto<\/b> ideal para la etapa de recuperaci\u00f3n y maternidad. Esta prenda est\u00e1 elaborada con <b>Powernet<\/b> de alta calidad, garantizando un <b>mayor soporte<\/b> y la compresi\u00f3n necesaria para recuperar tu figura tras el parto. Es ideal para <b>uso diario<\/b> y est\u00e1 espec\u00edficamente dise\u00f1ada para la <b>lactancia<\/b>.<\/p>\n<p data-path-to-node=\"9\">Su dise\u00f1o funcional no solo <b>moldea el busto<\/b> y <b>corrige la postura<\/b>, sino que tambi\u00e9n cuenta con un pr\u00e1ctico <b>cierre lateral<\/b> que brinda un mejor ajuste y definici\u00f3n del busto al tiempo que facilita el proceso de amamantar. Es la combinaci\u00f3n perfecta de una <b>faja reductora<\/b> suave en el abdomen y un soporte en la espalda que alivia las molestias t\u00edpicas de la maternidad. Esta <b>faja colombiana<\/b> te ofrece comodidad y seguridad en una de las etapas m\u00e1s importantes.<\/p>\n<p data-path-to-node=\"10\"><i>Caracter\u00edsticas Clave:<\/i><\/p>\n<ul data-path-to-node=\"11\">\n<li>\n<p data-path-to-node=\"11,0,0\"><b>Uso Espec\u00edfico:<\/b> <b>Postparto<\/b> y <b>lactancia<\/b>.<\/p>\n<\/li>\n<li>\n<p data-path-to-node=\"11,1,0\"><b>Material:<\/b> Powernet para un <b>mayor soporte<\/b>.<\/p>\n<\/li>\n<li>\n<p data-path-to-node=\"11,2,0\"><b>Beneficios:<\/b> Moldea el busto y corrige la postura.<\/p>\n<\/li>\n<\/ul>\n","protected":false},"excerpt":{"rendered":"<p><b>Faja postparto<\/b> de <b>Powernet<\/b>, ideal para <b>lactancia<\/b> y <b>uso diario<\/b>, moldea el busto y corrige la postura.<\/p>\n","protected":false},"featured_media":1125,"comment_status":"open","ping_status":"closed","template":"","meta":[],"product_brand":[],"product_cat":[34],"product_tag":[],"class_list":{"0":"post-1140","1":"product","2":"type-product","3":"status-publish","4":"has-post-thumbnail","6":"product_cat-postoperatorio","8":"first","9":"instock","10":"taxable","11":"shipping-taxable","12":"purchasable","13":"product-type-variable"},"jetpack_sharing_enabled":true,"_links":{"self":[{"href":"https:\/\/fajasmaggytex.com\/index.php\/wp-json\/wp\/v2\/product\/1140","targetHints":{"allow":["GET"]}}],"collection":[{"href":"https:\/\/fajasmaggytex.com\/index.php\/wp-json\/wp\/v2\/product"}],"about":[{"href":"https:\/\/fajasmaggytex.com\/index.php\/wp-json\/wp\/v2\/types\/product"}],"replies":[{"embeddable":true,"href":"https:\/\/fajasmaggytex.com\/index.php\/wp-json\/wp\/v2\/comments?post=1140"}],"wp:featuredmedia":[{"embeddable":true,"href":"https:\/\/fajasmaggytex.com\/index.php\/wp-json\/wp\/v2\/media\/1125"}],"wp:attachment":[{"href":"https:\/\/fajasmaggytex.com\/index.php\/wp-json\/wp\/v2\/media?parent=1140"}],"wp:term":[{"taxonomy":"product_brand","embeddable":true,"href":"https:\/\/fajasmaggytex.com\/index.php\/wp-json\/wp\/v2\/product_brand?post=1140"},{"taxonomy":"product_cat","embeddable":true,"href":"https:\/\/fajasmaggytex.com\/index.php\/wp-json\/wp\/v2\/product_cat?post=1140"},{"taxonomy":"product_tag","embeddable":true,"href":"https:\/\/fajasmaggytex.com\/index.php\/wp-json\/wp\/v2\/product_tag?post=1140"}],"curies":[{"name":"wp","href":"https:\/\/api.w.org\/{rel}","templated":true}]}}