{"id":1108,"date":"2025-12-14T19:06:17","date_gmt":"2025-12-15T00:06:17","guid":{"rendered":"https:\/\/fajasmaggytex.com\/?post_type=product&#038;p=1108"},"modified":"2025-12-15T00:03:59","modified_gmt":"2025-12-15T05:03:59","slug":"faja-colombiana-6996-panty-cachetero-boston-alta-compresion-y-varillas-en-pretina-copia","status":"publish","type":"product","link":"https:\/\/fajasmaggytex.com\/index.php\/producto\/faja-colombiana-6996-panty-cachetero-boston-alta-compresion-y-varillas-en-pretina-copia\/","title":{"rendered":"Fajas Postoperatorias y Post Parto | Alta Compresi\u00f3n Colombiana para Recuperaci\u00f3n"},"content":{"rendered":"<p data-path-to-node=\"6\">Descubre la colecci\u00f3n de <b>Fajas Postoperatorias<\/b> de alta calidad, dise\u00f1adas para brindar el soporte esencial que tu cuerpo necesita durante la recuperaci\u00f3n. Nuestras <b>fajas colombianas<\/b> son reconocidas por su tecnolog\u00eda Powernet, ideal para proporcionar la compresi\u00f3n adecuada tras procedimientos est\u00e9ticos como liposucci\u00f3n o abdominoplastia, ayudando a reducir la inflamaci\u00f3n y prevenir la fibrosis.<\/p>\n<p data-path-to-node=\"7\">Esta categor\u00eda incluye modelos perfectos como <b>fajas post parto<\/b> y prendas especializadas de <b>alta compresi\u00f3n<\/b> que facilitan la readherencia de la piel a la fascia muscular. Desde bodys completos con mangas (como la Ref. 3215) hasta soportes espec\u00edficos como tablas y fajones abdominales, cada prenda est\u00e1 optimizada para mejorar los resultados de tu cirug\u00eda o proceso de parto. Elige el nivel de compresi\u00f3n que se adapte a tu fase de recuperaci\u00f3n.<\/p>\n<p data-path-to-node=\"8\"><i>Caracter\u00edsticas Clave de la Categor\u00eda:<\/i><\/p>\n<ul data-path-to-node=\"9\">\n<li>\n<p data-path-to-node=\"9,0,0\"><b>Uso:<\/b> Ideal para post-cirug\u00eda, post-parto y moldeado intensivo.<\/p>\n<\/li>\n<li>\n<p data-path-to-node=\"9,1,0\"><b>Tecnolog\u00eda:<\/b> Powernet de alta compresi\u00f3n y materiales hipoalerg\u00e9nicos.<\/p>\n<\/li>\n<li>\n<p data-path-to-node=\"9,2,0\"><b>Beneficio:<\/b> Reduce inflamaci\u00f3n, mejora la postura y optimiza la cicatrizaci\u00f3n.<\/p>\n<\/li>\n<\/ul>\n","protected":false},"excerpt":{"rendered":"<p data-path-to-node=\"10\"><b>Fajas postoperatorias<\/b> y <b>fajas post parto<\/b> de alta compresi\u00f3n para una recuperaci\u00f3n segura y el mejor moldeado.<\/p>\n","protected":false},"featured_media":1116,"comment_status":"open","ping_status":"closed","template":"","meta":[],"product_brand":[],"product_cat":[34],"product_tag":[],"class_list":{"0":"post-1108","1":"product","2":"type-product","3":"status-publish","4":"has-post-thumbnail","6":"product_cat-postoperatorio","8":"first","9":"instock","10":"taxable","11":"shipping-taxable","12":"purchasable","13":"product-type-variable"},"jetpack_sharing_enabled":true,"_links":{"self":[{"href":"https:\/\/fajasmaggytex.com\/index.php\/wp-json\/wp\/v2\/product\/1108","targetHints":{"allow":["GET"]}}],"collection":[{"href":"https:\/\/fajasmaggytex.com\/index.php\/wp-json\/wp\/v2\/product"}],"about":[{"href":"https:\/\/fajasmaggytex.com\/index.php\/wp-json\/wp\/v2\/types\/product"}],"replies":[{"embeddable":true,"href":"https:\/\/fajasmaggytex.com\/index.php\/wp-json\/wp\/v2\/comments?post=1108"}],"wp:featuredmedia":[{"embeddable":true,"href":"https:\/\/fajasmaggytex.com\/index.php\/wp-json\/wp\/v2\/media\/1116"}],"wp:attachment":[{"href":"https:\/\/fajasmaggytex.com\/index.php\/wp-json\/wp\/v2\/media?parent=1108"}],"wp:term":[{"taxonomy":"product_brand","embeddable":true,"href":"https:\/\/fajasmaggytex.com\/index.php\/wp-json\/wp\/v2\/product_brand?post=1108"},{"taxonomy":"product_cat","embeddable":true,"href":"https:\/\/fajasmaggytex.com\/index.php\/wp-json\/wp\/v2\/product_cat?post=1108"},{"taxonomy":"product_tag","embeddable":true,"href":"https:\/\/fajasmaggytex.com\/index.php\/wp-json\/wp\/v2\/product_tag?post=1108"}],"curies":[{"name":"wp","href":"https:\/\/api.w.org\/{rel}","templated":true}]}}