{"id":389,"date":"2025-12-10T22:06:21","date_gmt":"2025-12-11T03:06:21","guid":{"rendered":"https:\/\/fajasmaggytex.com\/?page_id=389"},"modified":"2025-12-15T08:07:55","modified_gmt":"2025-12-15T13:07:55","slug":"tienda-2","status":"publish","type":"page","link":"https:\/\/fajasmaggytex.com\/index.php\/tienda-2\/","title":{"rendered":"Tienda"},"content":{"rendered":"\t\t<div data-elementor-type=\"wp-page\" data-elementor-id=\"389\" class=\"elementor elementor-389\" data-elementor-post-type=\"page\">\n\t\t\t\t<div class=\"elementor-element elementor-element-5ad2ed4 e-con-full e-flex e-con e-parent\" data-id=\"5ad2ed4\" data-element_type=\"container\">\n\t\t<div class=\"elementor-element elementor-element-a167b89 e-flex e-con-boxed e-con e-child\" data-id=\"a167b89\" data-element_type=\"container\">\n\t\t\t\t\t<div class=\"e-con-inner\">\n\t\t\t\t<div class=\"elementor-element elementor-element-2544146 elementor-widget elementor-widget-heading\" data-id=\"2544146\" data-element_type=\"widget\" data-widget_type=\"heading.default\">\n\t\t\t\t\t<h2 class=\"elementor-heading-title elementor-size-default\">Cat\u00e1logo Completo de Fajas Colombianas y Accesorios Postquir\u00fargicos<\/h2>\t\t\t\t<\/div>\n\t\t\t\t\t<\/div>\n\t\t\t\t<\/div>\n\t\t\t\t<\/div>\n\t\t<div class=\"elementor-element elementor-element-6f645b4 e-con-full e-flex e-con e-parent\" data-id=\"6f645b4\" data-element_type=\"container\">\n\t\t\t\t<div class=\"elementor-element elementor-element-907d18f elementor-widget elementor-widget-jet-listing-grid\" data-id=\"907d18f\" data-element_type=\"widget\" data-settings=\"{&quot;columns&quot;:3}\" data-widget_type=\"jet-listing-grid.default\">\n\t\t\t\t\t<div class=\"jet-listing-grid jet-listing\"><div class=\"jet-listing-grid__items grid-col-desk-3 grid-col-tablet-3 grid-col-mobile-3 jet-listing-grid--1004 woocommerce\" data-queried-id=\"389|WP_Post\" data-nav=\"{&quot;enabled&quot;:false,&quot;type&quot;:null,&quot;more_el&quot;:null,&quot;query&quot;:[],&quot;widget_settings&quot;:{&quot;lisitng_id&quot;:1004,&quot;posts_num&quot;:6,&quot;columns&quot;:3,&quot;columns_tablet&quot;:3,&quot;columns_mobile&quot;:3,&quot;column_min_width&quot;:240,&quot;column_min_width_tablet&quot;:240,&quot;column_min_width_mobile&quot;:240,&quot;inline_columns_css&quot;:false,&quot;is_archive_template&quot;:&quot;&quot;,&quot;post_status&quot;:[&quot;publish&quot;],&quot;use_random_posts_num&quot;:&quot;&quot;,&quot;max_posts_num&quot;:9,&quot;not_found_message&quot;:&quot;https:\\\/\\\/fajasmaggytex.com\\\/index.php\\\/carrito-2\\\/&quot;,&quot;is_masonry&quot;:false,&quot;equal_columns_height&quot;:&quot;&quot;,&quot;use_load_more&quot;:&quot;&quot;,&quot;load_more_id&quot;:&quot;&quot;,&quot;load_more_type&quot;:&quot;click&quot;,&quot;load_more_offset&quot;:{&quot;unit&quot;:&quot;px&quot;,&quot;size&quot;:0,&quot;sizes&quot;:[]},&quot;use_custom_post_types&quot;:&quot;&quot;,&quot;custom_post_types&quot;:[],&quot;hide_widget_if&quot;:&quot;&quot;,&quot;carousel_enabled&quot;:&quot;&quot;,&quot;slides_to_scroll&quot;:&quot;1&quot;,&quot;arrows&quot;:&quot;true&quot;,&quot;arrow_icon&quot;:&quot;fa fa-angle-left&quot;,&quot;dots&quot;:&quot;&quot;,&quot;autoplay&quot;:&quot;true&quot;,&quot;pause_on_hover&quot;:&quot;true&quot;,&quot;autoplay_speed&quot;:5000,&quot;infinite&quot;:&quot;true&quot;,&quot;center_mode&quot;:&quot;&quot;,&quot;effect&quot;:&quot;slide&quot;,&quot;speed&quot;:500,&quot;inject_alternative_items&quot;:&quot;&quot;,&quot;injection_items&quot;:[],&quot;scroll_slider_enabled&quot;:&quot;&quot;,&quot;scroll_slider_on&quot;:[&quot;desktop&quot;,&quot;tablet&quot;,&quot;mobile&quot;],&quot;custom_query&quot;:false,&quot;custom_query_id&quot;:&quot;&quot;,&quot;_element_id&quot;:&quot;&quot;,&quot;collapse_first_last_gap&quot;:false,&quot;list_tag_selection&quot;:&quot;&quot;,&quot;list_items_wrapper_tag&quot;:&quot;div&quot;,&quot;list_item_tag&quot;:&quot;div&quot;,&quot;empty_items_wrapper_tag&quot;:&quot;div&quot;}}\" data-page=\"1\" data-pages=\"3\" data-listing-source=\"posts\" data-listing-id=\"1004\" data-query-id=\"\"><div class=\"jet-listing-grid__item jet-listing-dynamic-post-1152\" data-post-id=\"1152\"  >\t\t<div data-elementor-type=\"jet-listing-items\" data-elementor-id=\"1004\" class=\"elementor elementor-1004\" data-elementor-post-type=\"jet-engine\">\n\t\t\t\t<div class=\"elementor-element elementor-element-bded506 e-flex e-con-boxed e-con e-parent\" data-id=\"bded506\" data-element_type=\"container\">\n\t\t\t\t\t<div class=\"e-con-inner\">\n\t\t\t\t<div class=\"elementor-element elementor-element-815e822 elementor-widget elementor-widget-image\" data-id=\"815e822\" data-element_type=\"widget\" data-widget_type=\"image.default\">\n\t\t\t\t\t\t\t\t\t\t\t\t\t\t\t\t<a href=\"https:\/\/fajasmaggytex.com\/index.php\/producto\/cinturilla-powernet-346-faja-reductora-de-alta-compresion-y-12-varillas\/\">\n\t\t\t\t\t\t\t<img fetchpriority=\"high\" decoding=\"async\" width=\"800\" height=\"800\" src=\"https:\/\/fajasmaggytex.com\/wp-content\/uploads\/2025\/12\/cinturilla-1-1024x1024.webp\" class=\"attachment-large size-large wp-image-1156\" alt=\"\" srcset=\"https:\/\/fajasmaggytex.com\/wp-content\/uploads\/2025\/12\/cinturilla-1-1024x1024.webp 1024w, https:\/\/fajasmaggytex.com\/wp-content\/uploads\/2025\/12\/cinturilla-1-300x300.webp 300w, https:\/\/fajasmaggytex.com\/wp-content\/uploads\/2025\/12\/cinturilla-1-150x150.webp 150w, https:\/\/fajasmaggytex.com\/wp-content\/uploads\/2025\/12\/cinturilla-1-768x768.webp 768w, https:\/\/fajasmaggytex.com\/wp-content\/uploads\/2025\/12\/cinturilla-1-600x600.webp 600w, https:\/\/fajasmaggytex.com\/wp-content\/uploads\/2025\/12\/cinturilla-1-100x100.webp 100w, https:\/\/fajasmaggytex.com\/wp-content\/uploads\/2025\/12\/cinturilla-1.webp 1080w\" sizes=\"(max-width: 800px) 100vw, 800px\" \/>\t\t\t\t\t\t\t\t<\/a>\n\t\t\t\t\t\t\t\t\t\t\t\t\t\t\t<\/div>\n\t\t\t\t<div class=\"elementor-element elementor-element-a71938f elementor-widget elementor-widget-heading\" data-id=\"a71938f\" data-element_type=\"widget\" data-widget_type=\"heading.default\">\n\t\t\t\t\t<h4 class=\"elementor-heading-title elementor-size-default\">Chaleco Powernet 346 | Faja Reductora de Alta Compresi\u00f3n y 16 Varillas<\/h4>\t\t\t\t<\/div>\n\t\t\t\t<div class=\"elementor-element elementor-element-219fb0f elementor-widget elementor-widget-woocommerce-product-price\" data-id=\"219fb0f\" data-element_type=\"widget\" data-widget_type=\"woocommerce-product-price.default\">\n\t\t\t\t\t<p class=\"price\"><span class=\"woocommerce-Price-amount amount\"><bdi><span class=\"woocommerce-Price-currencySymbol\">&#36;<\/span>78,20<\/bdi><\/span> <small class=\"woocommerce-price-suffix\">Incluye Iva<\/small><\/p>\n\t\t\t\t<\/div>\n\t\t\t\t<div class=\"elementor-element elementor-element-e99c2da elementor-align-center elementor-widget elementor-widget-button\" data-id=\"e99c2da\" data-element_type=\"widget\" data-widget_type=\"button.default\">\n\t\t\t\t\t\t\t\t\t\t<a class=\"elementor-button elementor-button-link elementor-size-sm\" href=\"https:\/\/fajasmaggytex.com?add-to-cart=1152&#038;quantity=1&#038;e-redirect=https:\/\/fajasmaggytex.com\/index.php\/producto\/cinturilla-powernet-346-faja-reductora-de-alta-compresion-y-12-varillas\/\">\n\t\t\t\t\t\t<span class=\"elementor-button-content-wrapper\">\n\t\t\t\t\t\t\t\t\t<span class=\"elementor-button-text\">A\u00f1adir al carrito<\/span>\n\t\t\t\t\t<\/span>\n\t\t\t\t\t<\/a>\n\t\t\t\t\t\t\t\t<\/div>\n\t\t\t\t\t<\/div>\n\t\t\t\t<\/div>\n\t\t\t\t<\/div>\n\t\t<\/div><div class=\"jet-listing-grid__item jet-listing-dynamic-post-1148\" data-post-id=\"1148\"  >\t\t<div data-elementor-type=\"jet-listing-items\" data-elementor-id=\"1004\" class=\"elementor elementor-1004\" data-elementor-post-type=\"jet-engine\">\n\t\t\t\t<div class=\"elementor-element elementor-element-bded506 e-flex e-con-boxed e-con e-parent\" data-id=\"bded506\" data-element_type=\"container\">\n\t\t\t\t\t<div class=\"e-con-inner\">\n\t\t\t\t<div class=\"elementor-element elementor-element-815e822 elementor-widget elementor-widget-image\" data-id=\"815e822\" data-element_type=\"widget\" data-widget_type=\"image.default\">\n\t\t\t\t\t\t\t\t\t\t\t\t\t\t\t\t<a href=\"https:\/\/fajasmaggytex.com\/index.php\/producto\/brasier-postoperatorio-ref-5010-soporte-mamoplastia-corrector-de-postura-y-espalda\/\">\n\t\t\t\t\t\t\t<img decoding=\"async\" width=\"800\" height=\"800\" src=\"https:\/\/fajasmaggytex.com\/wp-content\/uploads\/2025\/12\/1050-1024x1024.webp\" class=\"attachment-large size-large wp-image-1120\" alt=\"\" srcset=\"https:\/\/fajasmaggytex.com\/wp-content\/uploads\/2025\/12\/1050-1024x1024.webp 1024w, https:\/\/fajasmaggytex.com\/wp-content\/uploads\/2025\/12\/1050-300x300.webp 300w, https:\/\/fajasmaggytex.com\/wp-content\/uploads\/2025\/12\/1050-150x150.webp 150w, https:\/\/fajasmaggytex.com\/wp-content\/uploads\/2025\/12\/1050-768x768.webp 768w, https:\/\/fajasmaggytex.com\/wp-content\/uploads\/2025\/12\/1050-600x600.webp 600w, https:\/\/fajasmaggytex.com\/wp-content\/uploads\/2025\/12\/1050-100x100.webp 100w, https:\/\/fajasmaggytex.com\/wp-content\/uploads\/2025\/12\/1050.webp 1080w\" sizes=\"(max-width: 800px) 100vw, 800px\" \/>\t\t\t\t\t\t\t\t<\/a>\n\t\t\t\t\t\t\t\t\t\t\t\t\t\t\t<\/div>\n\t\t\t\t<div class=\"elementor-element elementor-element-a71938f elementor-widget elementor-widget-heading\" data-id=\"a71938f\" data-element_type=\"widget\" data-widget_type=\"heading.default\">\n\t\t\t\t\t<h4 class=\"elementor-heading-title elementor-size-default\">Brasier Postoperatorio Ref. 5010 | Soporte Mamoplastia, Corrector de Postura y Espalda<\/h4>\t\t\t\t<\/div>\n\t\t\t\t<div class=\"elementor-element elementor-element-219fb0f elementor-widget elementor-widget-woocommerce-product-price\" data-id=\"219fb0f\" data-element_type=\"widget\" data-widget_type=\"woocommerce-product-price.default\">\n\t\t\t\t\t<p class=\"price\"><span class=\"woocommerce-Price-amount amount\"><bdi><span class=\"woocommerce-Price-currencySymbol\">&#36;<\/span>43,70<\/bdi><\/span> <small class=\"woocommerce-price-suffix\">Incluye Iva<\/small><\/p>\n\t\t\t\t<\/div>\n\t\t\t\t<div class=\"elementor-element elementor-element-e99c2da elementor-align-center elementor-widget elementor-widget-button\" data-id=\"e99c2da\" data-element_type=\"widget\" data-widget_type=\"button.default\">\n\t\t\t\t\t\t\t\t\t\t<a class=\"elementor-button elementor-button-link elementor-size-sm\" href=\"https:\/\/fajasmaggytex.com?add-to-cart=1148&#038;quantity=1&#038;e-redirect=https:\/\/fajasmaggytex.com\/index.php\/producto\/brasier-postoperatorio-ref-5010-soporte-mamoplastia-corrector-de-postura-y-espalda\/\">\n\t\t\t\t\t\t<span class=\"elementor-button-content-wrapper\">\n\t\t\t\t\t\t\t\t\t<span class=\"elementor-button-text\">A\u00f1adir al carrito<\/span>\n\t\t\t\t\t<\/span>\n\t\t\t\t\t<\/a>\n\t\t\t\t\t\t\t\t<\/div>\n\t\t\t\t\t<\/div>\n\t\t\t\t<\/div>\n\t\t\t\t<\/div>\n\t\t<\/div><div class=\"jet-listing-grid__item jet-listing-dynamic-post-1144\" data-post-id=\"1144\"  >\t\t<div data-elementor-type=\"jet-listing-items\" data-elementor-id=\"1004\" class=\"elementor elementor-1004\" data-elementor-post-type=\"jet-engine\">\n\t\t\t\t<div class=\"elementor-element elementor-element-bded506 e-flex e-con-boxed e-con e-parent\" data-id=\"bded506\" data-element_type=\"container\">\n\t\t\t\t\t<div class=\"e-con-inner\">\n\t\t\t\t<div class=\"elementor-element elementor-element-815e822 elementor-widget elementor-widget-image\" data-id=\"815e822\" data-element_type=\"widget\" data-widget_type=\"image.default\">\n\t\t\t\t\t\t\t\t\t\t\t\t\t\t\t\t<a href=\"https:\/\/fajasmaggytex.com\/index.php\/producto\/faja-para-hombre-postquirurgica-ref-4011-lipoescultura-abdomen-y-powernet\/\">\n\t\t\t\t\t\t\t<img decoding=\"async\" width=\"800\" height=\"800\" src=\"https:\/\/fajasmaggytex.com\/wp-content\/uploads\/2025\/12\/4011-1-1024x1024.webp\" class=\"attachment-large size-large wp-image-1118\" alt=\"\" srcset=\"https:\/\/fajasmaggytex.com\/wp-content\/uploads\/2025\/12\/4011-1-1024x1024.webp 1024w, https:\/\/fajasmaggytex.com\/wp-content\/uploads\/2025\/12\/4011-1-300x300.webp 300w, https:\/\/fajasmaggytex.com\/wp-content\/uploads\/2025\/12\/4011-1-150x150.webp 150w, https:\/\/fajasmaggytex.com\/wp-content\/uploads\/2025\/12\/4011-1-768x768.webp 768w, https:\/\/fajasmaggytex.com\/wp-content\/uploads\/2025\/12\/4011-1-600x600.webp 600w, https:\/\/fajasmaggytex.com\/wp-content\/uploads\/2025\/12\/4011-1-100x100.webp 100w, https:\/\/fajasmaggytex.com\/wp-content\/uploads\/2025\/12\/4011-1.webp 1080w\" sizes=\"(max-width: 800px) 100vw, 800px\" \/>\t\t\t\t\t\t\t\t<\/a>\n\t\t\t\t\t\t\t\t\t\t\t\t\t\t\t<\/div>\n\t\t\t\t<div class=\"elementor-element elementor-element-a71938f elementor-widget elementor-widget-heading\" data-id=\"a71938f\" data-element_type=\"widget\" data-widget_type=\"heading.default\">\n\t\t\t\t\t<h4 class=\"elementor-heading-title elementor-size-default\">Faja para Hombre Postquir\u00fargica Ref. 4011 | Lipoescultura, Abdomen y Powernet<\/h4>\t\t\t\t<\/div>\n\t\t\t\t<div class=\"elementor-element elementor-element-219fb0f elementor-widget elementor-widget-woocommerce-product-price\" data-id=\"219fb0f\" data-element_type=\"widget\" data-widget_type=\"woocommerce-product-price.default\">\n\t\t\t\t\t<p class=\"price\"><span class=\"woocommerce-Price-amount amount\"><bdi><span class=\"woocommerce-Price-currencySymbol\">&#36;<\/span>86,25<\/bdi><\/span> <small class=\"woocommerce-price-suffix\">Incluye Iva<\/small><\/p>\n\t\t\t\t<\/div>\n\t\t\t\t<div class=\"elementor-element elementor-element-e99c2da elementor-align-center elementor-widget elementor-widget-button\" data-id=\"e99c2da\" data-element_type=\"widget\" data-widget_type=\"button.default\">\n\t\t\t\t\t\t\t\t\t\t<a class=\"elementor-button elementor-button-link elementor-size-sm\" href=\"https:\/\/fajasmaggytex.com?add-to-cart=1144&#038;quantity=1&#038;e-redirect=https:\/\/fajasmaggytex.com\/index.php\/producto\/faja-para-hombre-postquirurgica-ref-4011-lipoescultura-abdomen-y-powernet\/\">\n\t\t\t\t\t\t<span class=\"elementor-button-content-wrapper\">\n\t\t\t\t\t\t\t\t\t<span class=\"elementor-button-text\">A\u00f1adir al carrito<\/span>\n\t\t\t\t\t<\/span>\n\t\t\t\t\t<\/a>\n\t\t\t\t\t\t\t\t<\/div>\n\t\t\t\t\t<\/div>\n\t\t\t\t<\/div>\n\t\t\t\t<\/div>\n\t\t<\/div><div class=\"jet-listing-grid__item jet-listing-dynamic-post-1140\" data-post-id=\"1140\"  >\t\t<div data-elementor-type=\"jet-listing-items\" data-elementor-id=\"1004\" class=\"elementor elementor-1004\" data-elementor-post-type=\"jet-engine\">\n\t\t\t\t<div class=\"elementor-element elementor-element-bded506 e-flex e-con-boxed e-con e-parent\" data-id=\"bded506\" data-element_type=\"container\">\n\t\t\t\t\t<div class=\"e-con-inner\">\n\t\t\t\t<div class=\"elementor-element elementor-element-815e822 elementor-widget elementor-widget-image\" data-id=\"815e822\" data-element_type=\"widget\" data-widget_type=\"image.default\">\n\t\t\t\t\t\t\t\t\t\t\t\t\t\t\t\t<a href=\"https:\/\/fajasmaggytex.com\/index.php\/producto\/faja-postparto-y-lactancia-2396-moldeadora-de-busto-y-correctora-postural\/\">\n\t\t\t\t\t\t\t<img loading=\"lazy\" decoding=\"async\" width=\"800\" height=\"800\" src=\"https:\/\/fajasmaggytex.com\/wp-content\/uploads\/2025\/12\/2396-1-1024x1024.webp\" class=\"attachment-large size-large wp-image-1125\" alt=\"\" srcset=\"https:\/\/fajasmaggytex.com\/wp-content\/uploads\/2025\/12\/2396-1-1024x1024.webp 1024w, https:\/\/fajasmaggytex.com\/wp-content\/uploads\/2025\/12\/2396-1-300x300.webp 300w, https:\/\/fajasmaggytex.com\/wp-content\/uploads\/2025\/12\/2396-1-150x150.webp 150w, https:\/\/fajasmaggytex.com\/wp-content\/uploads\/2025\/12\/2396-1-768x768.webp 768w, https:\/\/fajasmaggytex.com\/wp-content\/uploads\/2025\/12\/2396-1-600x600.webp 600w, https:\/\/fajasmaggytex.com\/wp-content\/uploads\/2025\/12\/2396-1-100x100.webp 100w, https:\/\/fajasmaggytex.com\/wp-content\/uploads\/2025\/12\/2396-1.webp 1080w\" sizes=\"(max-width: 800px) 100vw, 800px\" \/>\t\t\t\t\t\t\t\t<\/a>\n\t\t\t\t\t\t\t\t\t\t\t\t\t\t\t<\/div>\n\t\t\t\t<div class=\"elementor-element elementor-element-a71938f elementor-widget elementor-widget-heading\" data-id=\"a71938f\" data-element_type=\"widget\" data-widget_type=\"heading.default\">\n\t\t\t\t\t<h4 class=\"elementor-heading-title elementor-size-default\">Faja Postparto y Lactancia  2396 | Moldeadora de Busto y Correctora Postural<\/h4>\t\t\t\t<\/div>\n\t\t\t\t<div class=\"elementor-element elementor-element-219fb0f elementor-widget elementor-widget-woocommerce-product-price\" data-id=\"219fb0f\" data-element_type=\"widget\" data-widget_type=\"woocommerce-product-price.default\">\n\t\t\t\t\t<p class=\"price\"><span class=\"woocommerce-Price-amount amount\" aria-hidden=\"true\"><bdi><span class=\"woocommerce-Price-currencySymbol\">&#36;<\/span>78,20<\/bdi><\/span> <span aria-hidden=\"true\">&ndash;<\/span> <span class=\"woocommerce-Price-amount amount\" aria-hidden=\"true\"><bdi><span class=\"woocommerce-Price-currencySymbol\">&#36;<\/span>126,50<\/bdi><\/span><span class=\"screen-reader-text\">Price range: &#36;78,20 through &#36;126,50<\/span> <small class=\"woocommerce-price-suffix\">Incluye Iva<\/small><\/p>\n\t\t\t\t<\/div>\n\t\t\t\t<div class=\"elementor-element elementor-element-e99c2da elementor-align-center elementor-widget elementor-widget-button\" data-id=\"e99c2da\" data-element_type=\"widget\" data-widget_type=\"button.default\">\n\t\t\t\t\t\t\t\t\t\t<a class=\"elementor-button elementor-button-link elementor-size-sm\" href=\"https:\/\/fajasmaggytex.com?add-to-cart=1140&#038;quantity=1&#038;e-redirect=https:\/\/fajasmaggytex.com\/index.php\/producto\/faja-postparto-y-lactancia-2396-moldeadora-de-busto-y-correctora-postural\/\">\n\t\t\t\t\t\t<span class=\"elementor-button-content-wrapper\">\n\t\t\t\t\t\t\t\t\t<span class=\"elementor-button-text\">A\u00f1adir al carrito<\/span>\n\t\t\t\t\t<\/span>\n\t\t\t\t\t<\/a>\n\t\t\t\t\t\t\t\t<\/div>\n\t\t\t\t\t<\/div>\n\t\t\t\t<\/div>\n\t\t\t\t<\/div>\n\t\t<\/div><div class=\"jet-listing-grid__item jet-listing-dynamic-post-1136\" data-post-id=\"1136\"  >\t\t<div data-elementor-type=\"jet-listing-items\" data-elementor-id=\"1004\" class=\"elementor elementor-1004\" data-elementor-post-type=\"jet-engine\">\n\t\t\t\t<div class=\"elementor-element elementor-element-bded506 e-flex e-con-boxed e-con e-parent\" data-id=\"bded506\" data-element_type=\"container\">\n\t\t\t\t\t<div class=\"e-con-inner\">\n\t\t\t\t<div class=\"elementor-element elementor-element-815e822 elementor-widget elementor-widget-image\" data-id=\"815e822\" data-element_type=\"widget\" data-widget_type=\"image.default\">\n\t\t\t\t\t\t\t\t\t\t\t\t\t\t\t\t<a href=\"https:\/\/fajasmaggytex.com\/index.php\/producto\/faja-colombiana-postoperatoria-ref-3215-powernet-abdomen-brazos-y-lipectomia\/\">\n\t\t\t\t\t\t\t<img loading=\"lazy\" decoding=\"async\" width=\"800\" height=\"800\" src=\"https:\/\/fajasmaggytex.com\/wp-content\/uploads\/2025\/12\/3215-1-1024x1024.webp\" class=\"attachment-large size-large wp-image-1115\" alt=\"\" srcset=\"https:\/\/fajasmaggytex.com\/wp-content\/uploads\/2025\/12\/3215-1-1024x1024.webp 1024w, https:\/\/fajasmaggytex.com\/wp-content\/uploads\/2025\/12\/3215-1-300x300.webp 300w, https:\/\/fajasmaggytex.com\/wp-content\/uploads\/2025\/12\/3215-1-150x150.webp 150w, https:\/\/fajasmaggytex.com\/wp-content\/uploads\/2025\/12\/3215-1-768x768.webp 768w, https:\/\/fajasmaggytex.com\/wp-content\/uploads\/2025\/12\/3215-1-600x600.webp 600w, https:\/\/fajasmaggytex.com\/wp-content\/uploads\/2025\/12\/3215-1-100x100.webp 100w, https:\/\/fajasmaggytex.com\/wp-content\/uploads\/2025\/12\/3215-1.webp 1080w\" sizes=\"(max-width: 800px) 100vw, 800px\" \/>\t\t\t\t\t\t\t\t<\/a>\n\t\t\t\t\t\t\t\t\t\t\t\t\t\t\t<\/div>\n\t\t\t\t<div class=\"elementor-element elementor-element-a71938f elementor-widget elementor-widget-heading\" data-id=\"a71938f\" data-element_type=\"widget\" data-widget_type=\"heading.default\">\n\t\t\t\t\t<h4 class=\"elementor-heading-title elementor-size-default\">Faja Colombiana Postoperatoria Ref. 3215 | Powernet, Abdomen, Brazos y Lipectom\u00eda<\/h4>\t\t\t\t<\/div>\n\t\t\t\t<div class=\"elementor-element elementor-element-219fb0f elementor-widget elementor-widget-woocommerce-product-price\" data-id=\"219fb0f\" data-element_type=\"widget\" data-widget_type=\"woocommerce-product-price.default\">\n\t\t\t\t\t<p class=\"price\"><span class=\"woocommerce-Price-amount amount\"><bdi><span class=\"woocommerce-Price-currencySymbol\">&#36;<\/span>126,50<\/bdi><\/span> <small class=\"woocommerce-price-suffix\">Incluye Iva<\/small><\/p>\n\t\t\t\t<\/div>\n\t\t\t\t<div class=\"elementor-element elementor-element-e99c2da elementor-align-center elementor-widget elementor-widget-button\" data-id=\"e99c2da\" data-element_type=\"widget\" data-widget_type=\"button.default\">\n\t\t\t\t\t\t\t\t\t\t<a class=\"elementor-button elementor-button-link elementor-size-sm\" href=\"https:\/\/fajasmaggytex.com?add-to-cart=1136&#038;quantity=1&#038;e-redirect=https:\/\/fajasmaggytex.com\/index.php\/producto\/faja-colombiana-postoperatoria-ref-3215-powernet-abdomen-brazos-y-lipectomia\/\">\n\t\t\t\t\t\t<span class=\"elementor-button-content-wrapper\">\n\t\t\t\t\t\t\t\t\t<span class=\"elementor-button-text\">A\u00f1adir al carrito<\/span>\n\t\t\t\t\t<\/span>\n\t\t\t\t\t<\/a>\n\t\t\t\t\t\t\t\t<\/div>\n\t\t\t\t\t<\/div>\n\t\t\t\t<\/div>\n\t\t\t\t<\/div>\n\t\t<\/div><div class=\"jet-listing-grid__item jet-listing-dynamic-post-1108\" data-post-id=\"1108\"  >\t\t<div data-elementor-type=\"jet-listing-items\" data-elementor-id=\"1004\" class=\"elementor elementor-1004\" data-elementor-post-type=\"jet-engine\">\n\t\t\t\t<div class=\"elementor-element elementor-element-bded506 e-flex e-con-boxed e-con e-parent\" data-id=\"bded506\" data-element_type=\"container\">\n\t\t\t\t\t<div class=\"e-con-inner\">\n\t\t\t\t<div class=\"elementor-element elementor-element-815e822 elementor-widget elementor-widget-image\" data-id=\"815e822\" data-element_type=\"widget\" data-widget_type=\"image.default\">\n\t\t\t\t\t\t\t\t\t\t\t\t\t\t\t\t<a href=\"https:\/\/fajasmaggytex.com\/index.php\/producto\/faja-colombiana-6996-panty-cachetero-boston-alta-compresion-y-varillas-en-pretina-copia\/\">\n\t\t\t\t\t\t\t<img loading=\"lazy\" decoding=\"async\" width=\"800\" height=\"800\" src=\"https:\/\/fajasmaggytex.com\/wp-content\/uploads\/2025\/12\/70004-1024x1024.webp\" class=\"attachment-large size-large wp-image-1116\" alt=\"\" srcset=\"https:\/\/fajasmaggytex.com\/wp-content\/uploads\/2025\/12\/70004-1024x1024.webp 1024w, https:\/\/fajasmaggytex.com\/wp-content\/uploads\/2025\/12\/70004-300x300.webp 300w, https:\/\/fajasmaggytex.com\/wp-content\/uploads\/2025\/12\/70004-150x150.webp 150w, https:\/\/fajasmaggytex.com\/wp-content\/uploads\/2025\/12\/70004-768x768.webp 768w, https:\/\/fajasmaggytex.com\/wp-content\/uploads\/2025\/12\/70004-600x600.webp 600w, https:\/\/fajasmaggytex.com\/wp-content\/uploads\/2025\/12\/70004-100x100.webp 100w, https:\/\/fajasmaggytex.com\/wp-content\/uploads\/2025\/12\/70004.webp 1080w\" sizes=\"(max-width: 800px) 100vw, 800px\" \/>\t\t\t\t\t\t\t\t<\/a>\n\t\t\t\t\t\t\t\t\t\t\t\t\t\t\t<\/div>\n\t\t\t\t<div class=\"elementor-element elementor-element-a71938f elementor-widget elementor-widget-heading\" data-id=\"a71938f\" data-element_type=\"widget\" data-widget_type=\"heading.default\">\n\t\t\t\t\t<h4 class=\"elementor-heading-title elementor-size-default\">Fajas Postoperatorias y Post Parto | Alta Compresi\u00f3n Colombiana para Recuperaci\u00f3n<\/h4>\t\t\t\t<\/div>\n\t\t\t\t<div class=\"elementor-element elementor-element-219fb0f elementor-widget elementor-widget-woocommerce-product-price\" data-id=\"219fb0f\" data-element_type=\"widget\" data-widget_type=\"woocommerce-product-price.default\">\n\t\t\t\t\t<p class=\"price\"><span class=\"woocommerce-Price-amount amount\"><bdi><span class=\"woocommerce-Price-currencySymbol\">&#36;<\/span>78,20<\/bdi><\/span> <small class=\"woocommerce-price-suffix\">Incluye Iva<\/small><\/p>\n\t\t\t\t<\/div>\n\t\t\t\t<div class=\"elementor-element elementor-element-e99c2da elementor-align-center elementor-widget elementor-widget-button\" data-id=\"e99c2da\" data-element_type=\"widget\" data-widget_type=\"button.default\">\n\t\t\t\t\t\t\t\t\t\t<a class=\"elementor-button elementor-button-link elementor-size-sm\" href=\"https:\/\/fajasmaggytex.com?add-to-cart=1108&#038;quantity=1&#038;e-redirect=https:\/\/fajasmaggytex.com\/index.php\/producto\/faja-colombiana-6996-panty-cachetero-boston-alta-compresion-y-varillas-en-pretina-copia\/\">\n\t\t\t\t\t\t<span class=\"elementor-button-content-wrapper\">\n\t\t\t\t\t\t\t\t\t<span class=\"elementor-button-text\">A\u00f1adir al carrito<\/span>\n\t\t\t\t\t<\/span>\n\t\t\t\t\t<\/a>\n\t\t\t\t\t\t\t\t<\/div>\n\t\t\t\t\t<\/div>\n\t\t\t\t<\/div>\n\t\t\t\t<\/div>\n\t\t<\/div><\/div><\/div>\t\t\t\t<\/div>\n\t\t\t\t<\/div>\n\t\t\t\t<\/div>\n\t\t","protected":false},"excerpt":{"rendered":"<p>Cat\u00e1logo Completo de Fajas Colombianas y Accesorios Postquir\u00fargicos &#36;68,00 Incluye Iva A\u00f1adir al carrito &#36;38,00 Incluye Iva A\u00f1adir al carrito &#36;75,00 Incluye Iva A\u00f1adir al carrito &#36;68,00 &ndash; &#36;110,00Price range: &#36;68,00 through &#36;110,00 Incluye Iva A\u00f1adir al carrito &#36;110,00 Incluye Iva A\u00f1adir al carrito &#36;68,00 Incluye Iva A\u00f1adir al carrito<\/p>\n","protected":false},"author":1,"featured_media":0,"parent":0,"menu_order":0,"comment_status":"closed","ping_status":"closed","template":"","meta":{"footnotes":""},"class_list":["post-389","page","type-page","status-publish","hentry"],"jetpack_sharing_enabled":true,"_links":{"self":[{"href":"https:\/\/fajasmaggytex.com\/index.php\/wp-json\/wp\/v2\/pages\/389","targetHints":{"allow":["GET"]}}],"collection":[{"href":"https:\/\/fajasmaggytex.com\/index.php\/wp-json\/wp\/v2\/pages"}],"about":[{"href":"https:\/\/fajasmaggytex.com\/index.php\/wp-json\/wp\/v2\/types\/page"}],"author":[{"embeddable":true,"href":"https:\/\/fajasmaggytex.com\/index.php\/wp-json\/wp\/v2\/users\/1"}],"replies":[{"embeddable":true,"href":"https:\/\/fajasmaggytex.com\/index.php\/wp-json\/wp\/v2\/comments?post=389"}],"version-history":[{"count":25,"href":"https:\/\/fajasmaggytex.com\/index.php\/wp-json\/wp\/v2\/pages\/389\/revisions"}],"predecessor-version":[{"id":1266,"href":"https:\/\/fajasmaggytex.com\/index.php\/wp-json\/wp\/v2\/pages\/389\/revisions\/1266"}],"wp:attachment":[{"href":"https:\/\/fajasmaggytex.com\/index.php\/wp-json\/wp\/v2\/media?parent=389"}],"curies":[{"name":"wp","href":"https:\/\/api.w.org\/{rel}","templated":true}]}}