{"id":343,"date":"2025-12-10T09:55:53","date_gmt":"2025-12-10T14:55:53","guid":{"rendered":"https:\/\/fajasmaggytex.com\/?page_id=343"},"modified":"2025-12-15T08:38:59","modified_gmt":"2025-12-15T13:38:59","slug":"producto","status":"publish","type":"page","link":"https:\/\/fajasmaggytex.com\/index.php\/producto\/","title":{"rendered":"Producto"},"content":{"rendered":"\t\t<div data-elementor-type=\"wp-page\" data-elementor-id=\"343\" class=\"elementor elementor-343\" data-elementor-post-type=\"page\">\n\t\t\t\t<div class=\"elementor-element elementor-element-9265938 e-flex e-con-boxed e-con e-parent\" data-id=\"9265938\" data-element_type=\"container\">\n\t\t\t\t\t<div class=\"e-con-inner\">\n\t\t\t\t<div class=\"elementor-element elementor-element-fe69515 elementor-widget elementor-widget-jet-listing-grid\" data-id=\"fe69515\" data-element_type=\"widget\" data-settings=\"{&quot;columns&quot;:&quot;3&quot;,&quot;columns_mobile&quot;:&quot;1&quot;}\" data-widget_type=\"jet-listing-grid.default\">\n\t\t\t\t\t<div class=\"jet-listing-notice\">Please select listing to show.<\/div>\t\t\t\t<\/div>\n\t\t\t\t\t<\/div>\n\t\t\t\t<\/div>\n\t\t\t\t<\/div>\n\t\t","protected":false},"excerpt":{"rendered":"<p>&#36;68,00 Incluye Iva TALLAS Elige una opci\u00f3nSML Color Elige una opci\u00f3nCocoaLimpiar Chaleco Powernet 346 | Faja Reductora de Alta Compresi\u00f3n y 16 Varillas cantidad A\u00f1adir al carrito &#36;38,00 Incluye Iva TALLAS Elige una opci\u00f3nSML Color Elige una opci\u00f3nCocoaLimpiar Brasier Postoperatorio Ref. 5010 | Soporte Mamoplastia, Corrector de Postura y Espalda cantidad A\u00f1adir al carrito &#36;75,00 [&hellip;]<\/p>\n","protected":false},"author":1,"featured_media":0,"parent":0,"menu_order":0,"comment_status":"closed","ping_status":"closed","template":"elementor_header_footer","meta":{"footnotes":""},"class_list":["post-343","page","type-page","status-publish","hentry"],"jetpack_sharing_enabled":true,"_links":{"self":[{"href":"https:\/\/fajasmaggytex.com\/index.php\/wp-json\/wp\/v2\/pages\/343","targetHints":{"allow":["GET"]}}],"collection":[{"href":"https:\/\/fajasmaggytex.com\/index.php\/wp-json\/wp\/v2\/pages"}],"about":[{"href":"https:\/\/fajasmaggytex.com\/index.php\/wp-json\/wp\/v2\/types\/page"}],"author":[{"embeddable":true,"href":"https:\/\/fajasmaggytex.com\/index.php\/wp-json\/wp\/v2\/users\/1"}],"replies":[{"embeddable":true,"href":"https:\/\/fajasmaggytex.com\/index.php\/wp-json\/wp\/v2\/comments?post=343"}],"version-history":[{"count":19,"href":"https:\/\/fajasmaggytex.com\/index.php\/wp-json\/wp\/v2\/pages\/343\/revisions"}],"predecessor-version":[{"id":1284,"href":"https:\/\/fajasmaggytex.com\/index.php\/wp-json\/wp\/v2\/pages\/343\/revisions\/1284"}],"wp:attachment":[{"href":"https:\/\/fajasmaggytex.com\/index.php\/wp-json\/wp\/v2\/media?parent=343"}],"curies":[{"name":"wp","href":"https:\/\/api.w.org\/{rel}","templated":true}]}}